{"id":461,"date":"2026-03-19T14:43:14","date_gmt":"2026-03-19T13:43:14","guid":{"rendered":"https:\/\/bbmneu.live-website.com\/?page_id=461"},"modified":"2026-04-01T16:26:54","modified_gmt":"2026-04-01T14:26:54","slug":"unternehmen-2","status":"publish","type":"page","link":"https:\/\/bbm-germany.de\/en\/unternehmen-2\/","title":{"rendered":"Company"},"content":{"rendered":"<div data-elementor-type=\"wp-page\" data-elementor-id=\"461\" class=\"elementor elementor-461\" data-elementor-post-type=\"page\">\n\t\t\t\t<div class=\"elementor-element elementor-element-8a43ba4 e-flex e-con-boxed e-con e-parent\" data-id=\"8a43ba4\" data-element_type=\"container\" data-e-type=\"container\">\n\t\t\t\t\t<div class=\"e-con-inner\">\n\t\t\t\t<div class=\"elementor-element elementor-element-13014de elementor-widget elementor-widget-heading\" data-id=\"13014de\" data-element_type=\"widget\" data-e-type=\"widget\" data-widget_type=\"heading.default\">\n\t\t\t\t<div class=\"elementor-widget-container\">\n\t\t\t\t\t<h2 class=\"elementor-heading-title elementor-size-default\">Company Profile<\/h2>\t\t\t\t<\/div>\n\t\t\t\t<\/div>\n\t\t\t\t\t<\/div>\n\t\t\t\t<\/div>\n\t\t<div class=\"elementor-element elementor-element-32722ca e-flex e-con-boxed e-con e-parent\" data-id=\"32722ca\" data-element_type=\"container\" data-e-type=\"container\">\n\t\t\t\t\t<div class=\"e-con-inner\">\n\t\t\t\t<div class=\"elementor-element elementor-element-1d58300 elementor-widget elementor-widget-text-editor\" data-id=\"1d58300\" data-element_type=\"widget\" data-e-type=\"widget\" data-widget_type=\"text-editor.default\">\n\t\t\t\t<div class=\"elementor-widget-container\">\n\t\t\t\t\t\t\t\t\t<p>BBM (=<strong>B<\/strong>erliner\u00a0<strong>B<\/strong>lasform\u00a0<strong>M<\/strong>aschinen) steht seit der Unternehmensgr\u00fcndung 1998 in Berlin f\u00fcr Innovation und Zuverl\u00e4ssigkeit in der Blasformindustrie. Seit dem Umzug in den Kreis G\u00fctersloh im Jahr 2003 werden diese Innovationen in unseren eigenen Produktionshallen in Langenberg entwickelt und verbaut.<\/p><p>BBM stands for innovation and reliability in the extrusion blow molding industry since the company foundation in 1997. The strong focus on electric machines since 2006 and the continuous improvement of existing technologies result in a very positive and sustainable company development.<\/p><p>Today, BBM employs around 120 people, and the company remains on a growth trajectory.<\/p><p>We produce and refurbish extrusion blow molding machines at our 6.000m\u00b2 premises in the heart of Germany, easily accessible from D\u00fcsseldorf and Frankfurt. All our machines are developed and built in Germany. Flat hierarchies, a well-educated work force and flexible structures allow us to quickly react to the ever-growing customer needs.<\/p><p>No matter if you produce packaging, technical or automotive parts \u2013 at BBM you will find a suitable and cost-efficient solution. Long-lasting partnerships with leading companies in those areas vouch for our success.<\/p><p>We would like to invite you to get to know us better and are looking forward to hearing from you.<\/p>\t\t\t\t\t\t\t\t<\/div>\n\t\t\t\t<\/div>\n\t\t\t\t\t<\/div>\n\t\t\t\t<\/div>\n\t\t<div class=\"elementor-element elementor-element-903a11c e-grid e-con-boxed e-con e-parent\" data-id=\"903a11c\" data-element_type=\"container\" data-e-type=\"container\">\n\t\t\t\t\t<div class=\"e-con-inner\">\n\t\t\t\t<div class=\"elementor-element elementor-element-1be5468 elementor-widget elementor-widget-image\" data-id=\"1be5468\" data-element_type=\"widget\" data-e-type=\"widget\" data-widget_type=\"image.default\">\n\t\t\t\t<div class=\"elementor-widget-container\">\n\t\t\t\t\t\t\t\t\t\t\t\t<figure class=\"wp-caption\">\n\t\t\t\t\t\t\t\t\t\t<img fetchpriority=\"high\" decoding=\"async\" width=\"1024\" height=\"768\" src=\"https:\/\/bbm-germany.de\/wp-content\/uploads\/2024\/10\/HAllen2-1024x768.jpg\" class=\"attachment-large size-large wp-image-157\" alt=\"\" srcset=\"https:\/\/bbm-germany.de\/wp-content\/uploads\/2024\/10\/HAllen2-1024x768.jpg 1024w, https:\/\/bbm-germany.de\/wp-content\/uploads\/2024\/10\/HAllen2-300x225.jpg 300w, https:\/\/bbm-germany.de\/wp-content\/uploads\/2024\/10\/HAllen2-768x576.jpg 768w, https:\/\/bbm-germany.de\/wp-content\/uploads\/2024\/10\/HAllen2-1536x1152.jpg 1536w, https:\/\/bbm-germany.de\/wp-content\/uploads\/2024\/10\/HAllen2-2048x1536.jpg 2048w\" sizes=\"(max-width: 1024px) 100vw, 1024px\" \/>\t\t\t\t\t\t\t\t\t\t\t<figcaption class=\"widget-image-caption wp-caption-text\">BBM Headquarters in Langenberg, North Rhine-Westphalia <\/figcaption>\n\t\t\t\t\t\t\t\t\t\t<\/figure>\n\t\t\t\t\t\t\t\t\t<\/div>\n\t\t\t\t<\/div>\n\t\t\t\t<div class=\"elementor-element elementor-element-28fbd4d elementor-widget elementor-widget-image\" data-id=\"28fbd4d\" data-element_type=\"widget\" data-e-type=\"widget\" data-widget_type=\"image.default\">\n\t\t\t\t<div class=\"elementor-widget-container\">\n\t\t\t\t\t\t\t\t\t\t\t\t<figure class=\"wp-caption\">\n\t\t\t\t\t\t\t\t\t\t<img decoding=\"async\" src=\"https:\/\/bbm-germany.de\/wp-content\/uploads\/elementor\/thumbs\/FBI-1-scaled-rkqpdxkxx4ngw6748kc0myta5gaoj0ptqrkr3izuli.jpg\" title=\"FBI\" alt=\"FBI\" loading=\"lazy\" \/>\t\t\t\t\t\t\t\t\t\t\t<figcaption class=\"widget-image-caption wp-caption-text\">BBM Management<\/figcaption>\n\t\t\t\t\t\t\t\t\t\t<\/figure>\n\t\t\t\t\t\t\t\t\t<\/div>\n\t\t\t\t<\/div>\n\t\t\t\t<div class=\"elementor-element elementor-element-80de485 elementor-widget elementor-widget-image\" data-id=\"80de485\" data-element_type=\"widget\" data-e-type=\"widget\" data-widget_type=\"image.default\">\n\t\t\t\t<div class=\"elementor-widget-container\">\n\t\t\t\t\t\t\t\t\t\t\t\t<figure class=\"wp-caption\">\n\t\t\t\t\t\t\t\t\t\t<img decoding=\"async\" src=\"https:\/\/bbm-germany.de\/wp-content\/uploads\/elementor\/thumbs\/DSC_2076-scaled-e1773927549785-rkqo09rwu8o3huc083jlwhykal2jupkcwyr8b8mnc6.jpg\" title=\"DSC_2076\" alt=\"DSC_2076\" loading=\"lazy\" \/>\t\t\t\t\t\t\t\t\t\t\t<figcaption class=\"widget-image-caption wp-caption-text\">View inside one of the production halls<\/figcaption>\n\t\t\t\t\t\t\t\t\t\t<\/figure>\n\t\t\t\t\t\t\t\t\t<\/div>\n\t\t\t\t<\/div>\n\t\t\t\t\t<\/div>\n\t\t\t\t<\/div>\n\t\t\t\t<\/div>","protected":false},"excerpt":{"rendered":"<p>Unternehmensprofil BBM (=Berliner\u00a0Blasform\u00a0Maschinen) steht seit der Unternehmensgr\u00fcndung 1998 in Berlin f\u00fcr Innovation und Zuverl\u00e4ssigkeit in der Blasformindustrie. Seit dem Umzug in den Kreis G\u00fctersloh im Jahr 2003 werden diese Innovationen in unseren eigenen Produktionshallen in Langenberg entwickelt und verbaut. Der starke Fokus liegt seit 2006 auf der Entwicklung vollelektrischer Maschinen, sowie der konstanten Weiterentwicklung bestehender [&hellip;]<\/p>\n","protected":false},"author":1,"featured_media":0,"parent":0,"menu_order":0,"comment_status":"closed","ping_status":"closed","template":"","meta":{"footnotes":""},"class_list":["post-461","page","type-page","status-publish","hentry","entry"],"_links":{"self":[{"href":"https:\/\/bbm-germany.de\/en\/wp-json\/wp\/v2\/pages\/461","targetHints":{"allow":["GET"]}}],"collection":[{"href":"https:\/\/bbm-germany.de\/en\/wp-json\/wp\/v2\/pages"}],"about":[{"href":"https:\/\/bbm-germany.de\/en\/wp-json\/wp\/v2\/types\/page"}],"author":[{"embeddable":true,"href":"https:\/\/bbm-germany.de\/en\/wp-json\/wp\/v2\/users\/1"}],"replies":[{"embeddable":true,"href":"https:\/\/bbm-germany.de\/en\/wp-json\/wp\/v2\/comments?post=461"}],"version-history":[{"count":13,"href":"https:\/\/bbm-germany.de\/en\/wp-json\/wp\/v2\/pages\/461\/revisions"}],"predecessor-version":[{"id":876,"href":"https:\/\/bbm-germany.de\/en\/wp-json\/wp\/v2\/pages\/461\/revisions\/876"}],"wp:attachment":[{"href":"https:\/\/bbm-germany.de\/en\/wp-json\/wp\/v2\/media?parent=461"}],"curies":[{"name":"wp","href":"https:\/\/api.w.org\/{rel}","templated":true}]}}