{"id":296,"date":"2025-03-18T17:02:03","date_gmt":"2025-03-18T16:02:03","guid":{"rendered":"https:\/\/bbmneu.live-website.com\/?page_id=296"},"modified":"2026-04-02T10:26:03","modified_gmt":"2026-04-02T08:26:03","slug":"service","status":"publish","type":"page","link":"https:\/\/bbm-germany.de\/en\/service\/","title":{"rendered":"Service"},"content":{"rendered":"\t\t<div data-elementor-type=\"wp-page\" data-elementor-id=\"296\" class=\"elementor elementor-296\" data-elementor-post-type=\"page\">\n\t\t\t\t<div class=\"elementor-element elementor-element-4c20434 e-flex e-con-boxed e-con e-parent\" data-id=\"4c20434\" data-element_type=\"container\" data-e-type=\"container\">\n\t\t\t\t\t<div class=\"e-con-inner\">\n\t\t\t\t<div class=\"elementor-element elementor-element-5f3e50e elementor-widget elementor-widget-heading\" data-id=\"5f3e50e\" data-element_type=\"widget\" data-e-type=\"widget\" data-widget_type=\"heading.default\">\n\t\t\t\t<div class=\"elementor-widget-container\">\n\t\t\t\t\t<h2 class=\"elementor-heading-title elementor-size-default\">Service<\/h2>\t\t\t\t<\/div>\n\t\t\t\t<\/div>\n\t\t\t\t\t<\/div>\n\t\t\t\t<\/div>\n\t\t<div class=\"elementor-element elementor-element-728e55a e-flex e-con-boxed e-con e-parent\" data-id=\"728e55a\" data-element_type=\"container\" data-e-type=\"container\">\n\t\t\t\t\t<div class=\"e-con-inner\">\n\t\t\t\t<div class=\"elementor-element elementor-element-2a93c42 elementor-widget elementor-widget-text-editor\" data-id=\"2a93c42\" data-element_type=\"widget\" data-e-type=\"widget\" data-widget_type=\"text-editor.default\">\n\t\t\t\t<div class=\"elementor-widget-container\">\n\t\t\t\t\t\t\t\t\t<h1 class=\"\" data-start=\"82\" data-end=\"146\"><strong data-start=\"84\" data-end=\"144\">Zuverl\u00e4ssige Unterst\u00fctzung f\u00fcr Ihre Produktion<\/strong><\/h1><p class=\"\" data-start=\"148\" data-end=\"359\">Bei <strong data-start=\"152\" data-end=\"172\">BBM <\/strong>endet unser Engagement nicht mit der Auslieferung Ihrer Maschine. Unser umfassender <strong data-start=\"257\" data-end=\"268\">Service<\/strong> sorgt f\u00fcr maximale Verf\u00fcgbarkeit, lange Lebensdauer und h\u00f6chste Effizienz Ihrer Anlagen.<\/p><h2 class=\"\" data-start=\"361\" data-end=\"403\"><strong data-start=\"364\" data-end=\"401\">Unser Serviceangebot im \u00dcberblick<\/strong><\/h2><p class=\"\" data-start=\"405\" data-end=\"550\"><img decoding=\"async\" class=\"emoji\" role=\"img\" draggable=\"false\" src=\"https:\/\/s.w.org\/images\/core\/emoji\/17.0.2\/svg\/1f527.svg\" alt=\"\ud83d\udd27\" \/> <strong data-start=\"408\" data-end=\"436\">Wartung &amp; Instandhaltung<\/strong><br data-start=\"436\" data-end=\"439\" \/>Regelm\u00e4\u00dfige Inspektionen und vorbeugende Wartung erh\u00f6hen die Betriebssicherheit und minimieren Ausfallzeiten.<\/p><p class=\"\" data-start=\"552\" data-end=\"670\"><img decoding=\"async\" class=\"emoji\" role=\"img\" draggable=\"false\" src=\"https:\/\/s.w.org\/images\/core\/emoji\/17.0.2\/svg\/2699.svg\" alt=\"\u2699\ufe0f\" \/> <strong data-start=\"555\" data-end=\"584\">Ersatzteile &amp; Komponenten<\/strong><br data-start=\"584\" data-end=\"587\" \/>Schnelle Lieferung von Originalteilen f\u00fcr eine zuverl\u00e4ssige Ersatzteilversorgung.<\/p><p class=\"\" data-start=\"672\" data-end=\"798\"><strong data-start=\"675\" data-end=\"700\">\ud83d\udcbb\u200b Fernwartung &amp; Support<\/strong><br data-start=\"700\" data-end=\"703\" \/>Direkte Fehlerdiagnose und schnelle Hilfe per Remote-Zugriff \u2013 f\u00fcr minimale Stillstandzeiten.<\/p><p class=\"\" data-start=\"800\" data-end=\"934\"><img decoding=\"async\" class=\"emoji\" role=\"img\" draggable=\"false\" src=\"https:\/\/s.w.org\/images\/core\/emoji\/17.0.2\/svg\/1f477.svg\" alt=\"\ud83d\udc77\" \/> <strong data-start=\"803\" data-end=\"841\">Maschinenmodernisierung &amp; Retrofit<\/strong><br data-start=\"841\" data-end=\"844\" \/>Steigern Sie die Effizienz Ihrer bestehenden Maschinen durch Upgrades und Nachr\u00fcstungen.<\/p><p class=\"\" data-start=\"936\" data-end=\"1072\"><img decoding=\"async\" class=\"emoji\" role=\"img\" draggable=\"false\" src=\"https:\/\/s.w.org\/images\/core\/emoji\/17.0.2\/svg\/1f393.svg\" alt=\"\ud83c\udf93\" \/> <strong data-start=\"939\" data-end=\"968\">Schulungen &amp; Einweisungen<\/strong><br data-start=\"968\" data-end=\"971\" \/>Praxisnahe Trainings f\u00fcr Ihr Bedien- und Wartungspersonal \u2013 direkt bei Ihnen oder in unserem Hause.<\/p><h2 class=\"\" data-start=\"1074\" data-end=\"1122\"><strong data-start=\"1077\" data-end=\"1120\">Schnelle Hilfe, wenn es darauf ankommt!<\/strong><\/h2><p class=\"\" data-start=\"1123\" data-end=\"1290\">Unser Service-Team steht Ihnen jederzeit zur Verf\u00fcgung. Egal, ob es um eine kurzfristige Reparatur oder eine langfristige Optimierung geht \u2013 <strong data-start=\"1264\" data-end=\"1288\">wir sind f\u00fcr Sie da!<\/strong><\/p><p class=\"\" data-start=\"1292\" data-end=\"1377\"><img decoding=\"async\" class=\"emoji\" role=\"img\" draggable=\"false\" src=\"https:\/\/s.w.org\/images\/core\/emoji\/17.0.2\/svg\/1f4de.svg\" alt=\"\ud83d\udcde\" \/> <strong data-start=\"1295\" data-end=\"1315\">Service-Hotline:<\/strong> +49 (0) 5248 8238-288<br data-start=\"1335\" data-end=\"1338\" \/><img decoding=\"async\" class=\"emoji\" role=\"img\" draggable=\"false\" src=\"https:\/\/s.w.org\/images\/core\/emoji\/17.0.2\/svg\/2709.svg\" alt=\"\u2709\ufe0f\" \/> <strong data-start=\"1341\" data-end=\"1352\">E-Mail:<\/strong> <a rel=\"noopener\" data-start=\"1353\" data-end=\"1375\">service@bbm-germany.de<\/a><\/p><h2 class=\"\" data-start=\"1074\" data-end=\"1122\"><strong data-start=\"1077\" data-end=\"1120\">Kontaktformular Service:<\/strong><\/h2>\t\t\t\t\t\t\t\t<\/div>\n\t\t\t\t<\/div>\n\t\t\t\t<div class=\"elementor-element elementor-element-0ff2f1b elementor-button-align-stretch elementor-widget elementor-widget-form\" data-id=\"0ff2f1b\" data-element_type=\"widget\" data-e-type=\"widget\" data-settings=\"{&quot;step_next_label&quot;:&quot;Next&quot;,&quot;step_previous_label&quot;:&quot;Previous&quot;,&quot;button_width&quot;:&quot;100&quot;,&quot;step_type&quot;:&quot;number_text&quot;,&quot;step_icon_shape&quot;:&quot;circle&quot;}\" data-widget_type=\"form.default\">\n\t\t\t\t<div class=\"elementor-widget-container\">\n\t\t\t\t\t\t\t<form class=\"elementor-form\" method=\"post\" name=\"New Form\" aria-label=\"New Form\">\n\t\t\t<input type=\"hidden\" name=\"post_id\" value=\"296\"\/>\n\t\t\t<input type=\"hidden\" name=\"form_id\" value=\"0ff2f1b\"\/>\n\t\t\t<input type=\"hidden\" name=\"referer_title\" value=\"Service\" \/>\n\n\t\t\t\t\t\t\t<input type=\"hidden\" name=\"queried_id\" value=\"296\"\/>\n\t\t\t\n\t\t\t<div class=\"elementor-form-fields-wrapper elementor-labels-above\">\n\t\t\t\t\t\t\t\t<div class=\"elementor-field-type-text elementor-field-group elementor-column elementor-field-group-name elementor-col-100 elementor-field-required\">\n\t\t\t\t\t\t\t\t\t\t\t\t<label for=\"form-field-name\" class=\"elementor-field-label\">\n\t\t\t\t\t\t\t\tFirma\t\t\t\t\t\t\t<\/label>\n\t\t\t\t\t\t\t\t\t\t\t\t\t\t<input size=\"1\" type=\"text\" name=\"form_fields[name]\" id=\"form-field-name\" class=\"elementor-field elementor-size-sm  elementor-field-textual\" placeholder=\"Firma\" required=\"required\">\n\t\t\t\t\t\t\t\t\t\t\t<\/div>\n\t\t\t\t\t\t\t\t<div class=\"elementor-field-type-text elementor-field-group elementor-column elementor-field-group-field_75a8a69 elementor-col-100\">\n\t\t\t\t\t\t\t\t\t\t\t\t<label for=\"form-field-field_75a8a69\" class=\"elementor-field-label\">\n\t\t\t\t\t\t\t\tAnsprechpartner\t\t\t\t\t\t\t<\/label>\n\t\t\t\t\t\t\t\t\t\t\t\t\t\t<input size=\"1\" type=\"text\" name=\"form_fields[field_75a8a69]\" id=\"form-field-field_75a8a69\" class=\"elementor-field elementor-size-sm  elementor-field-textual\" placeholder=\"Name\">\n\t\t\t\t\t\t\t\t\t\t\t<\/div>\n\t\t\t\t\t\t\t\t<div class=\"elementor-field-type-email elementor-field-group elementor-column elementor-field-group-email elementor-col-100 elementor-field-required\">\n\t\t\t\t\t\t\t\t\t\t\t\t<label for=\"form-field-email\" class=\"elementor-field-label\">\n\t\t\t\t\t\t\t\tEmail\t\t\t\t\t\t\t<\/label>\n\t\t\t\t\t\t\t\t\t\t\t\t\t\t<input size=\"1\" type=\"email\" name=\"form_fields[email]\" id=\"form-field-email\" class=\"elementor-field elementor-size-sm  elementor-field-textual\" placeholder=\"Email\" required=\"required\">\n\t\t\t\t\t\t\t\t\t\t\t<\/div>\n\t\t\t\t\t\t\t\t<div class=\"elementor-field-type-text elementor-field-group elementor-column elementor-field-group-field_894e570 elementor-col-100 elementor-field-required\">\n\t\t\t\t\t\t\t\t\t\t\t\t<label for=\"form-field-field_894e570\" class=\"elementor-field-label\">\n\t\t\t\t\t\t\t\tTelefon\t\t\t\t\t\t\t<\/label>\n\t\t\t\t\t\t\t\t\t\t\t\t\t\t<input size=\"1\" type=\"text\" name=\"form_fields[field_894e570]\" id=\"form-field-field_894e570\" class=\"elementor-field elementor-size-sm  elementor-field-textual\" placeholder=\"Telefon\" required=\"required\">\n\t\t\t\t\t\t\t\t\t\t\t<\/div>\n\t\t\t\t\t\t\t\t<div class=\"elementor-field-type-text elementor-field-group elementor-column elementor-field-group-field_3cb5698 elementor-col-100 elementor-field-required\">\n\t\t\t\t\t\t\t\t\t\t\t\t<label for=\"form-field-field_3cb5698\" class=\"elementor-field-label\">\n\t\t\t\t\t\t\t\tMaschine\t\t\t\t\t\t\t<\/label>\n\t\t\t\t\t\t\t\t\t\t\t\t\t\t<input size=\"1\" type=\"text\" name=\"form_fields[field_3cb5698]\" id=\"form-field-field_3cb5698\" class=\"elementor-field elementor-size-sm  elementor-field-textual\" placeholder=\"Seriennummer\" required=\"required\">\n\t\t\t\t\t\t\t\t\t\t\t<\/div>\n\t\t\t\t\t\t\t\t<div class=\"elementor-field-type-textarea elementor-field-group elementor-column elementor-field-group-message elementor-col-100 elementor-field-required\">\n\t\t\t\t\t\t\t\t\t\t\t\t<label for=\"form-field-message\" class=\"elementor-field-label\">\n\t\t\t\t\t\t\t\tServiceanforderung\t\t\t\t\t\t\t<\/label>\n\t\t\t\t\t\t<textarea class=\"elementor-field-textual elementor-field  elementor-size-sm\" name=\"form_fields[message]\" id=\"form-field-message\" rows=\"4\" placeholder=\"Fehlerbeschreibung \/ Ersatzteilanfrage\" required=\"required\"><\/textarea>\t\t\t\t<\/div>\n\t\t\t\t\t\t\t\t<div class=\"elementor-field-group elementor-column elementor-field-type-submit elementor-col-100 e-form__buttons\">\n\t\t\t\t\t<button class=\"elementor-button elementor-size-sm\" type=\"submit\">\n\t\t\t\t\t\t<span class=\"elementor-button-content-wrapper\">\n\t\t\t\t\t\t\t\t\t\t\t\t\t\t\t\t\t\t\t\t\t\t<span class=\"elementor-button-text\">Senden<\/span>\n\t\t\t\t\t\t\t\t\t\t\t\t\t<\/span>\n\t\t\t\t\t<\/button>\n\t\t\t\t<\/div>\n\t\t\t<\/div>\n\t\t<\/form>\n\t\t\t\t\t\t<\/div>\n\t\t\t\t<\/div>\n\t\t\t\t\t<\/div>\n\t\t\t\t<\/div>\n\t\t\t\t<\/div>\n\t\t","protected":false},"excerpt":{"rendered":"<p>Service Zuverl\u00e4ssige Unterst\u00fctzung f\u00fcr Ihre Produktion Bei BBM endet unser Engagement nicht mit der Auslieferung Ihrer Maschine. Unser umfassender Service sorgt f\u00fcr maximale Verf\u00fcgbarkeit, lange Lebensdauer und h\u00f6chste Effizienz Ihrer Anlagen. Unser Serviceangebot im \u00dcberblick Wartung &amp; InstandhaltungRegelm\u00e4\u00dfige Inspektionen und vorbeugende Wartung erh\u00f6hen die Betriebssicherheit und minimieren Ausfallzeiten. Ersatzteile &amp; KomponentenSchnelle Lieferung von Originalteilen f\u00fcr [&hellip;]<\/p>\n","protected":false},"author":1,"featured_media":0,"parent":0,"menu_order":0,"comment_status":"closed","ping_status":"closed","template":"","meta":{"footnotes":""},"class_list":["post-296","page","type-page","status-publish","hentry","entry"],"_links":{"self":[{"href":"https:\/\/bbm-germany.de\/en\/wp-json\/wp\/v2\/pages\/296","targetHints":{"allow":["GET"]}}],"collection":[{"href":"https:\/\/bbm-germany.de\/en\/wp-json\/wp\/v2\/pages"}],"about":[{"href":"https:\/\/bbm-germany.de\/en\/wp-json\/wp\/v2\/types\/page"}],"author":[{"embeddable":true,"href":"https:\/\/bbm-germany.de\/en\/wp-json\/wp\/v2\/users\/1"}],"replies":[{"embeddable":true,"href":"https:\/\/bbm-germany.de\/en\/wp-json\/wp\/v2\/comments?post=296"}],"version-history":[{"count":25,"href":"https:\/\/bbm-germany.de\/en\/wp-json\/wp\/v2\/pages\/296\/revisions"}],"predecessor-version":[{"id":895,"href":"https:\/\/bbm-germany.de\/en\/wp-json\/wp\/v2\/pages\/296\/revisions\/895"}],"wp:attachment":[{"href":"https:\/\/bbm-germany.de\/en\/wp-json\/wp\/v2\/media?parent=296"}],"curies":[{"name":"wp","href":"https:\/\/api.w.org\/{rel}","templated":true}]}}