{"id":21,"date":"2024-10-02T13:24:57","date_gmt":"2024-10-02T11:24:57","guid":{"rendered":"https:\/\/bbmneu.live-website.com\/?page_id=21"},"modified":"2026-04-02T10:35:57","modified_gmt":"2026-04-02T08:35:57","slug":"impressum","status":"publish","type":"page","link":"https:\/\/bbm-germany.de\/en\/impressum\/","title":{"rendered":"Legal Notice"},"content":{"rendered":"<div data-elementor-type=\"wp-page\" data-elementor-id=\"21\" class=\"elementor elementor-21\" data-elementor-post-type=\"page\">\n\t\t\t\t<div class=\"elementor-element elementor-element-5f48be3 e-flex e-con-boxed e-con e-parent\" data-id=\"5f48be3\" data-element_type=\"container\" data-e-type=\"container\">\n\t\t\t\t\t<div class=\"e-con-inner\">\n\t\t\t\t<div class=\"elementor-element elementor-element-691185e elementor-widget elementor-widget-heading\" data-id=\"691185e\" data-element_type=\"widget\" data-e-type=\"widget\" data-widget_type=\"heading.default\">\n\t\t\t\t<div class=\"elementor-widget-container\">\n\t\t\t\t\t<h2 class=\"elementor-heading-title elementor-size-default\">Legal Notice<\/h2>\t\t\t\t<\/div>\n\t\t\t\t<\/div>\n\t\t\t\t<div class=\"elementor-element elementor-element-4932764 elementor-widget elementor-widget-text-editor\" data-id=\"4932764\" data-element_type=\"widget\" data-e-type=\"widget\" data-widget_type=\"text-editor.default\">\n\t\t\t\t<div class=\"elementor-widget-container\">\n\t\t\t\t\t\t\t\t\t<p><strong>Information pursuant to Section 5 of the German Data Protection Act (DDG)<\/strong><\/p><p>BBM Maschinenbau und Vertriebs GmbH<br \/>Dieselstra\u00dfe 4-5<br \/>D-33449 Langenberg<\/p><p><b style=\"font-size: 15px; color: var( --e-global-color-text ); text-align: var(--text-align);\"><br \/>Represented by<\/b><\/p><p><span style=\"font-size: 15px; color: var( --e-global-color-text ); text-align: var(--text-align);\">Bernhard Schulte, Felix Schulte<\/span><\/p><p><b>Contact<br \/><\/b><span style=\"font-size: 15px; color: var( --e-global-color-text ); text-align: var(--text-align);\">Telefon: +49 (0) 52 48\/82 38-0<br \/><\/span><span style=\"font-size: 15px; color: var( --e-global-color-text ); text-align: var(--text-align);\">E-Mail:\u00a0<\/span><a style=\"font-size: 15px; text-align: var(--text-align); background-color: #ffffff;\" href=\"mailto:contact@bbm-germany.de\">contact@bbm-germany.de<\/a><\/p><p><b>VAT ID<br \/><\/b><span style=\"font-size: 15px; color: var( --e-global-color-text ); text-align: var(--text-align);\">Value-Added Tax (VAT) identification number pursuant to Section 27a of the Value-Added Tax Act:\u00a0<\/span><span style=\"font-size: 15px; color: var( --e-global-color-text ); text-align: var(--text-align);\">DE 192426376<\/span><\/p><p><b>regulatory agency<br \/><\/b><span style=\"font-size: 15px; color: var( --e-global-color-text ); text-align: var(--text-align);\">G\u00fctersloh District Court<br \/><\/span><span style=\"font-size: 15px; color: var( --e-global-color-text ); text-align: var(--text-align);\">HRB 6335<\/span><\/p><p><strong>Responsible for the content pursuant to Section 55(2) of the Interstate Broadcasting Treaty<br \/><\/strong><span style=\"font-size: 15px; color: var( --e-global-color-text ); text-align: var(--text-align);\">Bernhard Schulte, Felix Schulte<\/span><strong><br \/><\/strong><\/p><p>BBM Maschinenbau und Vertriebs GmbH<br \/>Dieselstra\u00dfe 4-5<br \/>D-33449 Langenberg<\/p><p><b>Opt-out of promotional emails<br \/><\/b><span style=\"font-size: 15px; color: var( --e-global-color-text ); text-align: var(--text-align);\">We hereby object to the use of contact information published in accordance with legal disclosure requirements for the purpose of sending unsolicited advertising and informational materials. The operators of this website expressly reserve the right to take legal action in the event of the unsolicited transmission of advertising information, such as via spam emails.<\/span><\/p><p><b>Copyright<br \/><\/b><span style=\"font-size: 15px; color: var( --e-global-color-text ); text-align: var(--text-align);\">The content and works on these pages created by the site operators are subject to German copyright law. The reproduction, adaptation, distribution, and any other use beyond the scope of copyright law require the written consent of the respective author or creator.<\/span><\/p><p>Downloads and copies of this page are permitted only for personal, non-commercial use. Where the content on this page was not created by the operator, the copyrights of third parties are respected. In particular, third-party content is identified as such. If you nevertheless become aware of any copyright infringement, please notify us. Upon becoming aware of any infringements, we will remove such content immediately.<\/p>\t\t\t\t\t\t\t\t<\/div>\n\t\t\t\t<\/div>\n\t\t\t\t\t<\/div>\n\t\t\t\t<\/div>\n\t\t\t\t<\/div>","protected":false},"excerpt":{"rendered":"<p>Impressum Angaben gem\u00e4\u00df \u00a7 5 DDG BBM Maschinenbau und Vertriebs GmbHDieselstra\u00dfe 4-5D-33449 Langenberg Vertreten durch Bernhard Schulte, Felix Schulte KontaktTelefon: +49 (0) 52 48\/82 38-0E-Mail:\u00a0contact@bbm-germany.de Umsatzsteuer-IDUmsatzsteuer-Identifikationsnummer gem\u00e4\u00df \u00a727 a Umsatzsteuergesetz:\u00a0DE 192426376 Aufsichtsbeh\u00f6rdeAmtsgericht G\u00fcterslohHRB 6335 Verantwortlich f\u00fcr den Inhalt nach \u00a7 55 Abs. 2 RStVBernhard Schulte, Felix Schulte BBM Maschinenbau und Vertriebs GmbHDieselstra\u00dfe 4-5D-33449 Langenberg Widerspruch [&hellip;]<\/p>\n","protected":false},"author":1,"featured_media":0,"parent":0,"menu_order":0,"comment_status":"closed","ping_status":"closed","template":"","meta":{"footnotes":""},"class_list":["post-21","page","type-page","status-publish","hentry","entry"],"_links":{"self":[{"href":"https:\/\/bbm-germany.de\/en\/wp-json\/wp\/v2\/pages\/21","targetHints":{"allow":["GET"]}}],"collection":[{"href":"https:\/\/bbm-germany.de\/en\/wp-json\/wp\/v2\/pages"}],"about":[{"href":"https:\/\/bbm-germany.de\/en\/wp-json\/wp\/v2\/types\/page"}],"author":[{"embeddable":true,"href":"https:\/\/bbm-germany.de\/en\/wp-json\/wp\/v2\/users\/1"}],"replies":[{"embeddable":true,"href":"https:\/\/bbm-germany.de\/en\/wp-json\/wp\/v2\/comments?post=21"}],"version-history":[{"count":10,"href":"https:\/\/bbm-germany.de\/en\/wp-json\/wp\/v2\/pages\/21\/revisions"}],"predecessor-version":[{"id":919,"href":"https:\/\/bbm-germany.de\/en\/wp-json\/wp\/v2\/pages\/21\/revisions\/919"}],"wp:attachment":[{"href":"https:\/\/bbm-germany.de\/en\/wp-json\/wp\/v2\/media?parent=21"}],"curies":[{"name":"wp","href":"https:\/\/api.w.org\/{rel}","templated":true}]}}