{"id":206,"date":"2024-10-09T16:49:43","date_gmt":"2024-10-09T14:49:43","guid":{"rendered":"https:\/\/bbmneu.live-website.com\/?page_id=206"},"modified":"2026-04-08T13:35:41","modified_gmt":"2026-04-08T11:35:41","slug":"grossanlagen","status":"publish","type":"page","link":"https:\/\/bbm-germany.de\/en\/branchen\/grossanlagen\/","title":{"rendered":"Large-scale machinery"},"content":{"rendered":"<div data-elementor-type=\"wp-page\" data-elementor-id=\"206\" class=\"elementor elementor-206\" data-elementor-post-type=\"page\">\n\t\t\t\t<div class=\"elementor-element elementor-element-7b2ed29 e-flex e-con-boxed e-con e-parent\" data-id=\"7b2ed29\" data-element_type=\"container\" data-e-type=\"container\">\n\t\t\t\t\t<div class=\"e-con-inner\">\n\t\t<div class=\"elementor-element elementor-element-a69a9f7 e-con-full e-flex e-con e-child\" data-id=\"a69a9f7\" data-element_type=\"container\" data-e-type=\"container\">\n\t\t\t\t<div class=\"elementor-element elementor-element-f802615 elementor-widget elementor-widget-heading\" data-id=\"f802615\" data-element_type=\"widget\" data-e-type=\"widget\" data-widget_type=\"heading.default\">\n\t\t\t\t<div class=\"elementor-widget-container\">\n\t\t\t\t\t<h2 class=\"elementor-heading-title elementor-size-default\">Large-scale machinery<\/h2>\t\t\t\t<\/div>\n\t\t\t\t<\/div>\n\t\t\t\t<\/div>\n\t\t<div class=\"elementor-element elementor-element-f366fc3 e-con-full e-flex e-con e-child\" data-id=\"f366fc3\" data-element_type=\"container\" data-e-type=\"container\">\n\t\t<div class=\"elementor-element elementor-element-60cf2ca e-grid e-con-full elementor-hidden-mobile e-con e-child\" data-id=\"60cf2ca\" data-element_type=\"container\" data-e-type=\"container\">\n\t\t\t\t<div class=\"elementor-element elementor-element-94305b2 elementor-view-framed elementor-shape-circle elementor-widget elementor-widget-icon\" data-id=\"94305b2\" data-element_type=\"widget\" data-e-type=\"widget\" data-widget_type=\"icon.default\">\n\t\t\t\t<div class=\"elementor-widget-container\">\n\t\t\t\t\t\t\t<div class=\"elementor-icon-wrapper\">\n\t\t\t<a class=\"elementor-icon\" href=\"https:\/\/bbm-germany.de\/en\/branchen\/consumer-packaging\/\">\n\t\t\t<svg aria-hidden=\"true\" class=\"e-font-icon-svg e-fas-spray-can\" viewbox=\"0 0 512 512\" xmlns=\"http:\/\/www.w3.org\/2000\/svg\"><path d=\"M224 32c0-17.67-14.33-32-32-32h-64c-17.67 0-32 14.33-32 32v96h128V32zm256 96c-17.67 0-32 14.33-32 32s14.33 32 32 32 32-14.33 32-32-14.33-32-32-32zm-256 32H96c-53.02 0-96 42.98-96 96v224c0 17.67 14.33 32 32 32h256c17.67 0 32-14.33 32-32V256c0-53.02-42.98-96-96-96zm-64 256c-44.18 0-80-35.82-80-80s35.82-80 80-80 80 35.82 80 80-35.82 80-80 80zM480 96c17.67 0 32-14.33 32-32s-14.33-32-32-32-32 14.33-32 32 14.33 32 32 32zm-96 32c-17.67 0-32 14.33-32 32s14.33 32 32 32 32-14.33 32-32-14.33-32-32-32zm-96-96c-17.67 0-32 14.33-32 32s14.33 32 32 32 32-14.33 32-32-14.33-32-32-32zm96 0c-17.67 0-32 14.33-32 32s14.33 32 32 32 32-14.33 32-32-14.33-32-32-32zm96 192c-17.67 0-32 14.33-32 32s14.33 32 32 32 32-14.33 32-32-14.33-32-32-32z\"><\/path><\/svg>\t\t\t<\/a>\n\t\t<\/div>\n\t\t\t\t\t\t<\/div>\n\t\t\t\t<\/div>\n\t\t\t\t<div class=\"elementor-element elementor-element-0ee01bb elementor-view-framed elementor-widget__width-auto elementor-shape-circle elementor-widget elementor-widget-icon\" data-id=\"0ee01bb\" data-element_type=\"widget\" data-e-type=\"widget\" data-widget_type=\"icon.default\">\n\t\t\t\t<div class=\"elementor-widget-container\">\n\t\t\t\t\t\t\t<div class=\"elementor-icon-wrapper\">\n\t\t\t<a class=\"elementor-icon\" href=\"https:\/\/bbm-germany.de\/en\/branchen\/industrial-packaging\/\">\n\t\t\t<svg aria-hidden=\"true\" class=\"e-font-icon-svg e-fas-industry\" viewbox=\"0 0 512 512\" xmlns=\"http:\/\/www.w3.org\/2000\/svg\"><path d=\"M475.115 163.781L336 252.309v-68.28c0-18.916-20.931-30.399-36.885-20.248L160 252.309V56c0-13.255-10.745-24-24-24H24C10.745 32 0 42.745 0 56v400c0 13.255 10.745 24 24 24h464c13.255 0 24-10.745 24-24V184.029c0-18.917-20.931-30.399-36.885-20.248z\"><\/path><\/svg>\t\t\t<\/a>\n\t\t<\/div>\n\t\t\t\t\t\t<\/div>\n\t\t\t\t<\/div>\n\t\t\t\t<div class=\"elementor-element elementor-element-dae4c0c elementor-view-framed elementor-widget__width-auto elementor-shape-circle elementor-widget elementor-widget-icon\" data-id=\"dae4c0c\" data-element_type=\"widget\" data-e-type=\"widget\" data-widget_type=\"icon.default\">\n\t\t\t\t<div class=\"elementor-widget-container\">\n\t\t\t\t\t\t\t<div class=\"elementor-icon-wrapper\">\n\t\t\t<a class=\"elementor-icon\" href=\"https:\/\/bbm-germany.de\/en\/branchen\/technische-teile\/\">\n\t\t\t<svg aria-hidden=\"true\" class=\"e-font-icon-svg e-fas-drum-steelpan\" viewbox=\"0 0 576 512\" xmlns=\"http:\/\/www.w3.org\/2000\/svg\"><path d=\"M288 32C128.94 32 0 89.31 0 160v192c0 70.69 128.94 128 288 128s288-57.31 288-128V160c0-70.69-128.94-128-288-128zm-82.99 158.36c-4.45 16.61-14.54 30.57-28.31 40.48C100.23 217.46 48 190.78 48 160c0-30.16 50.11-56.39 124.04-70.03l25.6 44.34c9.86 17.09 12.48 36.99 7.37 56.05zM288 240c-21.08 0-41.41-1-60.89-2.7 8.06-26.13 32.15-45.3 60.89-45.3s52.83 19.17 60.89 45.3C329.41 239 309.08 240 288 240zm64-144c0 35.29-28.71 64-64 64s-64-28.71-64-64V82.96c20.4-1.88 41.8-2.96 64-2.96s43.6 1.08 64 2.96V96zm46.93 134.9c-13.81-9.91-23.94-23.9-28.4-40.54-5.11-19.06-2.49-38.96 7.38-56.04l25.65-44.42C477.72 103.5 528 129.79 528 160c0 30.83-52.4 57.54-129.07 70.9z\"><\/path><\/svg>\t\t\t<\/a>\n\t\t<\/div>\n\t\t\t\t\t\t<\/div>\n\t\t\t\t<\/div>\n\t\t\t\t<div class=\"elementor-element elementor-element-268c5ae elementor-view-framed elementor-widget__width-auto elementor-shape-circle elementor-widget elementor-widget-icon\" data-id=\"268c5ae\" data-element_type=\"widget\" data-e-type=\"widget\" data-widget_type=\"icon.default\">\n\t\t\t\t<div class=\"elementor-widget-container\">\n\t\t\t\t\t\t\t<div class=\"elementor-icon-wrapper\">\n\t\t\t<a class=\"elementor-icon\" href=\"https:\/\/bbm-germany.de\/en\/branchen\/automobil\/\">\n\t\t\t<svg aria-hidden=\"true\" class=\"e-font-icon-svg e-fas-car\" viewbox=\"0 0 512 512\" xmlns=\"http:\/\/www.w3.org\/2000\/svg\"><path d=\"M499.99 176h-59.87l-16.64-41.6C406.38 91.63 365.57 64 319.5 64h-127c-46.06 0-86.88 27.63-103.99 70.4L71.87 176H12.01C4.2 176-1.53 183.34.37 190.91l6 24C7.7 220.25 12.5 224 18.01 224h20.07C24.65 235.73 16 252.78 16 272v48c0 16.12 6.16 30.67 16 41.93V416c0 17.67 14.33 32 32 32h32c17.67 0 32-14.33 32-32v-32h256v32c0 17.67 14.33 32 32 32h32c17.67 0 32-14.33 32-32v-54.07c9.84-11.25 16-25.8 16-41.93v-48c0-19.22-8.65-36.27-22.07-48H494c5.51 0 10.31-3.75 11.64-9.09l6-24c1.89-7.57-3.84-14.91-11.65-14.91zm-352.06-17.83c7.29-18.22 24.94-30.17 44.57-30.17h127c19.63 0 37.28 11.95 44.57 30.17L384 208H128l19.93-49.83zM96 319.8c-19.2 0-32-12.76-32-31.9S76.8 256 96 256s48 28.71 48 47.85-28.8 15.95-48 15.95zm320 0c-19.2 0-48 3.19-48-15.95S396.8 256 416 256s32 12.76 32 31.9-12.8 31.9-32 31.9z\"><\/path><\/svg>\t\t\t<\/a>\n\t\t<\/div>\n\t\t\t\t\t\t<\/div>\n\t\t\t\t<\/div>\n\t\t\t\t<div class=\"elementor-element elementor-element-0af60d7 elementor-view-framed elementor-widget__width-auto elementor-shape-circle elementor-widget elementor-widget-icon\" data-id=\"0af60d7\" data-element_type=\"widget\" data-e-type=\"widget\" data-widget_type=\"icon.default\">\n\t\t\t\t<div class=\"elementor-widget-container\">\n\t\t\t\t\t\t\t<div class=\"elementor-icon-wrapper\">\n\t\t\t<a class=\"elementor-icon\" href=\"https:\/\/bbm-germany.de\/en\/branchen\/grossanlagen\/\">\n\t\t\t<svg xmlns=\"http:\/\/www.w3.org\/2000\/svg\" id=\"Ebene_1\" viewbox=\"0 0 219.53 203.71\"><defs><style>      .st0 {        fill: #fff;      }    <\/style><\/defs><path class=\"st0\" d=\"M147.77,139.11h56.05c.38,0,3.92,1.37,4.57,1.72,8.83,4.72,7.37,17.62-1.95,20.69l-71.57.18c-6.29-1.06-8.9-6.36-9.41-12.34-2.81-33.2,2.01-70.61.21-104.24.82-10.02,13.18-14.41,19.69-6.91.47.55,2.41,3.6,2.41,3.9v96.99Z\"><\/path><path class=\"st0\" d=\"M11.92,34.8c4.97-1.03,9.29.8,12.38,4.7l26.45,38.26,26.52-38.19c8.54-11.37,25.2-1.66,19.21,11.54l-32.03,47.07,32.76,48.65c3.4,11.4-8.71,19.65-17.94,12.36l-28.52-40.37-26.52,38.19c-8.48,11.27-25.21,1.69-19.21-11.54l32.15-47.18L4.8,50.65c-3.19-5.71.88-14.55,7.13-15.84Z\"><\/path><\/svg>\t\t\t<\/a>\n\t\t<\/div>\n\t\t\t\t\t\t<\/div>\n\t\t\t\t<\/div>\n\t\t\t\t<\/div>\n\t\t\t\t<\/div>\n\t\t<div class=\"elementor-element elementor-element-0aeea9b e-con-full e-flex e-con e-child\" data-id=\"0aeea9b\" data-element_type=\"container\" data-e-type=\"container\">\n\t\t\t\t<div class=\"elementor-element elementor-element-2e741b8 elementor-widget elementor-widget-image\" data-id=\"2e741b8\" data-element_type=\"widget\" data-e-type=\"widget\" data-widget_type=\"image.default\">\n\t\t\t\t<div class=\"elementor-widget-container\">\n\t\t\t\t\t\t\t\t\t\t\t\t\t\t\t<img fetchpriority=\"high\" decoding=\"async\" width=\"864\" height=\"1024\" src=\"https:\/\/bbm-germany.de\/wp-content\/uploads\/2026\/04\/XXL-1-864x1024.webp\" class=\"attachment-large size-large wp-image-1243\" alt=\"\" srcset=\"https:\/\/bbm-germany.de\/wp-content\/uploads\/2026\/04\/XXL-1-864x1024.webp 864w, https:\/\/bbm-germany.de\/wp-content\/uploads\/2026\/04\/XXL-1-253x300.webp 253w, https:\/\/bbm-germany.de\/wp-content\/uploads\/2026\/04\/XXL-1-768x910.webp 768w, https:\/\/bbm-germany.de\/wp-content\/uploads\/2026\/04\/XXL-1-1296x1536.webp 1296w, https:\/\/bbm-germany.de\/wp-content\/uploads\/2026\/04\/XXL-1-1728x2048.webp 1620w, https:\/\/bbm-germany.de\/wp-content\/uploads\/2026\/04\/XXL-1-10x12.webp 10w, https:\/\/bbm-germany.de\/wp-content\/uploads\/2026\/04\/XXL-1-scaled.webp 1619w\" sizes=\"(max-width: 864px) 100vw, 864px\" \/>\t\t\t\t\t\t\t\t\t\t\t\t\t\t\t<\/div>\n\t\t\t\t<\/div>\n\t\t\t\t<\/div>\n\t\t<div class=\"elementor-element elementor-element-81f94d0 e-con-full e-flex e-con e-child\" data-id=\"81f94d0\" data-element_type=\"container\" data-e-type=\"container\">\n\t\t\t\t<div class=\"elementor-element elementor-element-624876a elementor-widget elementor-widget-text-editor\" data-id=\"624876a\" data-element_type=\"widget\" data-e-type=\"widget\" data-widget_type=\"text-editor.default\">\n\t\t\t\t<div class=\"elementor-widget-container\">\n\t\t\t\t\t\t\t\t\t<ul><li>XL extrusion blow molding machines for engineering parts, drums, and containers with a capacity of up to 5,500 liters<\/li><li>Energy-efficient high-performance extruders for HDPE, HMPE, and recycled materials<\/li><li>Static or cyclic clamping unit or extruder platform<\/li><li>Optional: Multi-layer, robotic removal, post-processing, post-cooling, punching, automation, dual station<\/li><\/ul>\t\t\t\t\t\t\t\t<\/div>\n\t\t\t\t<\/div>\n\t\t\t\t<\/div>\n\t\t\t\t\t<\/div>\n\t\t\t\t<\/div>\n\t\t<div class=\"elementor-element elementor-element-b1fe9af e-flex e-con-boxed e-con e-parent\" data-id=\"b1fe9af\" data-element_type=\"container\" data-e-type=\"container\">\n\t\t\t\t\t<div class=\"e-con-inner\">\n\t\t\t\t\t<\/div>\n\t\t\t\t<\/div>\n\t\t\t\t<\/div>","protected":false},"excerpt":{"rendered":"<p>Gro\u00dfanlagen XL-Extrusionsblasformmaschinen f\u00fcr technische Teile, F\u00e4sser und Beh\u00e4lter mit einem Fassungsverm\u00f6gen von bis zu 5500 Litern Energieeffiziente Hochleistungs-Extruder f\u00fcr HDPE, HMPE und Recyclingmaterialien Station\u00e4re oder zyklische Schlie\u00dfeinheit oder Extruderplattform Optional: Mehrschicht, Roboterentnahme, Nachbearbeitung, Nachk\u00fchlung, Stanzen, Automatisierung, Doppelstation<\/p>","protected":false},"author":1,"featured_media":0,"parent":19,"menu_order":0,"comment_status":"closed","ping_status":"closed","template":"","meta":{"_angie_page":false,"footnotes":""},"class_list":["post-206","page","type-page","status-publish","hentry","entry"],"_links":{"self":[{"href":"https:\/\/bbm-germany.de\/en\/wp-json\/wp\/v2\/pages\/206","targetHints":{"allow":["GET"]}}],"collection":[{"href":"https:\/\/bbm-germany.de\/en\/wp-json\/wp\/v2\/pages"}],"about":[{"href":"https:\/\/bbm-germany.de\/en\/wp-json\/wp\/v2\/types\/page"}],"author":[{"embeddable":true,"href":"https:\/\/bbm-germany.de\/en\/wp-json\/wp\/v2\/users\/1"}],"replies":[{"embeddable":true,"href":"https:\/\/bbm-germany.de\/en\/wp-json\/wp\/v2\/comments?post=206"}],"version-history":[{"count":64,"href":"https:\/\/bbm-germany.de\/en\/wp-json\/wp\/v2\/pages\/206\/revisions"}],"predecessor-version":[{"id":1257,"href":"https:\/\/bbm-germany.de\/en\/wp-json\/wp\/v2\/pages\/206\/revisions\/1257"}],"up":[{"embeddable":true,"href":"https:\/\/bbm-germany.de\/en\/wp-json\/wp\/v2\/pages\/19"}],"wp:attachment":[{"href":"https:\/\/bbm-germany.de\/en\/wp-json\/wp\/v2\/media?parent=206"}],"curies":[{"name":"wp","href":"https:\/\/api.w.org\/{rel}","templated":true}]}}