{"id":200,"date":"2024-10-09T16:47:50","date_gmt":"2024-10-09T14:47:50","guid":{"rendered":"https:\/\/bbmneu.live-website.com\/?page_id=200"},"modified":"2026-04-02T17:18:34","modified_gmt":"2026-04-02T15:18:34","slug":"industrial-packaging","status":"publish","type":"page","link":"https:\/\/bbm-germany.de\/en\/branchen\/industrial-packaging\/","title":{"rendered":"Industrial Packaging"},"content":{"rendered":"<div data-elementor-type=\"wp-page\" data-elementor-id=\"200\" class=\"elementor elementor-200\" data-elementor-post-type=\"page\">\n\t\t\t\t<div class=\"elementor-element elementor-element-465c29d e-flex e-con-boxed e-con e-parent\" data-id=\"465c29d\" data-element_type=\"container\" data-e-type=\"container\">\n\t\t\t\t\t<div class=\"e-con-inner\">\n\t\t<div class=\"elementor-element elementor-element-0aed7a8 e-con-full e-flex e-con e-child\" data-id=\"0aed7a8\" data-element_type=\"container\" data-e-type=\"container\">\n\t\t\t\t<div class=\"elementor-element elementor-element-5cfc2fe elementor-widget elementor-widget-heading\" data-id=\"5cfc2fe\" data-element_type=\"widget\" data-e-type=\"widget\" data-widget_type=\"heading.default\">\n\t\t\t\t<div class=\"elementor-widget-container\">\n\t\t\t\t\t<h2 class=\"elementor-heading-title elementor-size-default\">Industrial Packaging<\/h2>\t\t\t\t<\/div>\n\t\t\t\t<\/div>\n\t\t\t\t<\/div>\n\t\t<div class=\"elementor-element elementor-element-03907b7 e-con-full e-flex e-con e-child\" data-id=\"03907b7\" data-element_type=\"container\" data-e-type=\"container\">\n\t\t<div class=\"elementor-element elementor-element-a052642 e-grid e-con-full elementor-hidden-mobile e-con e-child\" data-id=\"a052642\" data-element_type=\"container\" data-e-type=\"container\">\n\t\t\t\t<div class=\"elementor-element elementor-element-0517f96 elementor-view-framed elementor-shape-circle elementor-widget elementor-widget-icon\" data-id=\"0517f96\" data-element_type=\"widget\" data-e-type=\"widget\" data-widget_type=\"icon.default\">\n\t\t\t\t<div class=\"elementor-widget-container\">\n\t\t\t\t\t\t\t<div class=\"elementor-icon-wrapper\">\n\t\t\t<a class=\"elementor-icon\" href=\"https:\/\/bbm-germany.de\/en\/branchen\/consumer-packaging\/\">\n\t\t\t<svg aria-hidden=\"true\" class=\"e-font-icon-svg e-fas-spray-can\" viewbox=\"0 0 512 512\" xmlns=\"http:\/\/www.w3.org\/2000\/svg\"><path d=\"M224 32c0-17.67-14.33-32-32-32h-64c-17.67 0-32 14.33-32 32v96h128V32zm256 96c-17.67 0-32 14.33-32 32s14.33 32 32 32 32-14.33 32-32-14.33-32-32-32zm-256 32H96c-53.02 0-96 42.98-96 96v224c0 17.67 14.33 32 32 32h256c17.67 0 32-14.33 32-32V256c0-53.02-42.98-96-96-96zm-64 256c-44.18 0-80-35.82-80-80s35.82-80 80-80 80 35.82 80 80-35.82 80-80 80zM480 96c17.67 0 32-14.33 32-32s-14.33-32-32-32-32 14.33-32 32 14.33 32 32 32zm-96 32c-17.67 0-32 14.33-32 32s14.33 32 32 32 32-14.33 32-32-14.33-32-32-32zm-96-96c-17.67 0-32 14.33-32 32s14.33 32 32 32 32-14.33 32-32-14.33-32-32-32zm96 0c-17.67 0-32 14.33-32 32s14.33 32 32 32 32-14.33 32-32-14.33-32-32-32zm96 192c-17.67 0-32 14.33-32 32s14.33 32 32 32 32-14.33 32-32-14.33-32-32-32z\"><\/path><\/svg>\t\t\t<\/a>\n\t\t<\/div>\n\t\t\t\t\t\t<\/div>\n\t\t\t\t<\/div>\n\t\t\t\t<div class=\"elementor-element elementor-element-d789b30 elementor-view-framed elementor-widget__width-auto elementor-shape-circle elementor-widget elementor-widget-icon\" data-id=\"d789b30\" data-element_type=\"widget\" data-e-type=\"widget\" data-widget_type=\"icon.default\">\n\t\t\t\t<div class=\"elementor-widget-container\">\n\t\t\t\t\t\t\t<div class=\"elementor-icon-wrapper\">\n\t\t\t<a class=\"elementor-icon\" href=\"https:\/\/bbm-germany.de\/en\/branchen\/industrial-packaging\/\">\n\t\t\t<svg aria-hidden=\"true\" class=\"e-font-icon-svg e-fas-industry\" viewbox=\"0 0 512 512\" xmlns=\"http:\/\/www.w3.org\/2000\/svg\"><path d=\"M475.115 163.781L336 252.309v-68.28c0-18.916-20.931-30.399-36.885-20.248L160 252.309V56c0-13.255-10.745-24-24-24H24C10.745 32 0 42.745 0 56v400c0 13.255 10.745 24 24 24h464c13.255 0 24-10.745 24-24V184.029c0-18.917-20.931-30.399-36.885-20.248z\"><\/path><\/svg>\t\t\t<\/a>\n\t\t<\/div>\n\t\t\t\t\t\t<\/div>\n\t\t\t\t<\/div>\n\t\t\t\t<div class=\"elementor-element elementor-element-a38e6dd elementor-view-framed elementor-widget__width-auto elementor-shape-circle elementor-widget elementor-widget-icon\" data-id=\"a38e6dd\" data-element_type=\"widget\" data-e-type=\"widget\" data-widget_type=\"icon.default\">\n\t\t\t\t<div class=\"elementor-widget-container\">\n\t\t\t\t\t\t\t<div class=\"elementor-icon-wrapper\">\n\t\t\t<a class=\"elementor-icon\" href=\"https:\/\/bbm-germany.de\/en\/branchen\/technische-teile\/\">\n\t\t\t<svg aria-hidden=\"true\" class=\"e-font-icon-svg e-fas-drum-steelpan\" viewbox=\"0 0 576 512\" xmlns=\"http:\/\/www.w3.org\/2000\/svg\"><path d=\"M288 32C128.94 32 0 89.31 0 160v192c0 70.69 128.94 128 288 128s288-57.31 288-128V160c0-70.69-128.94-128-288-128zm-82.99 158.36c-4.45 16.61-14.54 30.57-28.31 40.48C100.23 217.46 48 190.78 48 160c0-30.16 50.11-56.39 124.04-70.03l25.6 44.34c9.86 17.09 12.48 36.99 7.37 56.05zM288 240c-21.08 0-41.41-1-60.89-2.7 8.06-26.13 32.15-45.3 60.89-45.3s52.83 19.17 60.89 45.3C329.41 239 309.08 240 288 240zm64-144c0 35.29-28.71 64-64 64s-64-28.71-64-64V82.96c20.4-1.88 41.8-2.96 64-2.96s43.6 1.08 64 2.96V96zm46.93 134.9c-13.81-9.91-23.94-23.9-28.4-40.54-5.11-19.06-2.49-38.96 7.38-56.04l25.65-44.42C477.72 103.5 528 129.79 528 160c0 30.83-52.4 57.54-129.07 70.9z\"><\/path><\/svg>\t\t\t<\/a>\n\t\t<\/div>\n\t\t\t\t\t\t<\/div>\n\t\t\t\t<\/div>\n\t\t\t\t<div class=\"elementor-element elementor-element-9969d39 elementor-view-framed elementor-widget__width-auto elementor-shape-circle elementor-widget elementor-widget-icon\" data-id=\"9969d39\" data-element_type=\"widget\" data-e-type=\"widget\" data-widget_type=\"icon.default\">\n\t\t\t\t<div class=\"elementor-widget-container\">\n\t\t\t\t\t\t\t<div class=\"elementor-icon-wrapper\">\n\t\t\t<a class=\"elementor-icon\" href=\"https:\/\/bbm-germany.de\/en\/branchen\/automobil\/\">\n\t\t\t<svg aria-hidden=\"true\" class=\"e-font-icon-svg e-fas-car\" viewbox=\"0 0 512 512\" xmlns=\"http:\/\/www.w3.org\/2000\/svg\"><path d=\"M499.99 176h-59.87l-16.64-41.6C406.38 91.63 365.57 64 319.5 64h-127c-46.06 0-86.88 27.63-103.99 70.4L71.87 176H12.01C4.2 176-1.53 183.34.37 190.91l6 24C7.7 220.25 12.5 224 18.01 224h20.07C24.65 235.73 16 252.78 16 272v48c0 16.12 6.16 30.67 16 41.93V416c0 17.67 14.33 32 32 32h32c17.67 0 32-14.33 32-32v-32h256v32c0 17.67 14.33 32 32 32h32c17.67 0 32-14.33 32-32v-54.07c9.84-11.25 16-25.8 16-41.93v-48c0-19.22-8.65-36.27-22.07-48H494c5.51 0 10.31-3.75 11.64-9.09l6-24c1.89-7.57-3.84-14.91-11.65-14.91zm-352.06-17.83c7.29-18.22 24.94-30.17 44.57-30.17h127c19.63 0 37.28 11.95 44.57 30.17L384 208H128l19.93-49.83zM96 319.8c-19.2 0-32-12.76-32-31.9S76.8 256 96 256s48 28.71 48 47.85-28.8 15.95-48 15.95zm320 0c-19.2 0-48 3.19-48-15.95S396.8 256 416 256s32 12.76 32 31.9-12.8 31.9-32 31.9z\"><\/path><\/svg>\t\t\t<\/a>\n\t\t<\/div>\n\t\t\t\t\t\t<\/div>\n\t\t\t\t<\/div>\n\t\t\t\t<div class=\"elementor-element elementor-element-b5b8e77 elementor-view-framed elementor-widget__width-auto elementor-shape-circle elementor-widget elementor-widget-icon\" data-id=\"b5b8e77\" data-element_type=\"widget\" data-e-type=\"widget\" data-widget_type=\"icon.default\">\n\t\t\t\t<div class=\"elementor-widget-container\">\n\t\t\t\t\t\t\t<div class=\"elementor-icon-wrapper\">\n\t\t\t<a class=\"elementor-icon\" href=\"https:\/\/bbm-germany.de\/en\/branchen\/grossanlagen\/\">\n\t\t\t<svg xmlns=\"http:\/\/www.w3.org\/2000\/svg\" id=\"Ebene_1\" viewbox=\"0 0 219.53 203.71\"><defs><style>      .st0 {        fill: #fff;      }    <\/style><\/defs><path class=\"st0\" d=\"M147.77,139.11h56.05c.38,0,3.92,1.37,4.57,1.72,8.83,4.72,7.37,17.62-1.95,20.69l-71.57.18c-6.29-1.06-8.9-6.36-9.41-12.34-2.81-33.2,2.01-70.61.21-104.24.82-10.02,13.18-14.41,19.69-6.91.47.55,2.41,3.6,2.41,3.9v96.99Z\"><\/path><path class=\"st0\" d=\"M11.92,34.8c4.97-1.03,9.29.8,12.38,4.7l26.45,38.26,26.52-38.19c8.54-11.37,25.2-1.66,19.21,11.54l-32.03,47.07,32.76,48.65c3.4,11.4-8.71,19.65-17.94,12.36l-28.52-40.37-26.52,38.19c-8.48,11.27-25.21,1.69-19.21-11.54l32.15-47.18L4.8,50.65c-3.19-5.71.88-14.55,7.13-15.84Z\"><\/path><\/svg>\t\t\t<\/a>\n\t\t<\/div>\n\t\t\t\t\t\t<\/div>\n\t\t\t\t<\/div>\n\t\t\t\t<\/div>\n\t\t\t\t<\/div>\n\t\t<div class=\"elementor-element elementor-element-176c51c e-con-full e-flex e-con e-child\" data-id=\"176c51c\" data-element_type=\"container\" data-e-type=\"container\">\n\t\t\t\t<div class=\"elementor-element elementor-element-b2f6ec1 elementor-widget elementor-widget-heading\" data-id=\"b2f6ec1\" data-element_type=\"widget\" data-e-type=\"widget\" data-widget_type=\"heading.default\">\n\t\t\t\t<div class=\"elementor-widget-container\">\n\t\t\t\t\t<h2 class=\"elementor-heading-title elementor-size-default\">compact - BBM <b>FD-Series<\/b><\/h2>\t\t\t\t<\/div>\n\t\t\t\t<\/div>\n\t\t\t\t<div class=\"elementor-element elementor-element-96f9221 elementor-widget elementor-widget-image\" data-id=\"96f9221\" data-element_type=\"widget\" data-e-type=\"widget\" data-widget_type=\"image.default\">\n\t\t\t\t<div class=\"elementor-widget-container\">\n\t\t\t\t\t\t\t\t\t\t\t\t\t\t\t<img decoding=\"async\" src=\"https:\/\/bbm-germany.de\/wp-content\/uploads\/elementor\/thumbs\/Industrial_compact_FD-scaled-rl2o9zeu89dq2z9d2qwmvscigi75vmr9u504vgvav4.png\" title=\"Industrial_compact_FD\" alt=\"Industrial_compact_FD\" loading=\"lazy\" \/>\t\t\t\t\t\t\t\t\t\t\t\t\t\t\t<\/div>\n\t\t\t\t<\/div>\n\t\t\t\t<\/div>\n\t\t<div class=\"elementor-element elementor-element-34a6845 e-con-full e-flex e-con e-child\" data-id=\"34a6845\" data-element_type=\"container\" data-e-type=\"container\">\n\t\t\t\t<div class=\"elementor-element elementor-element-c0a3f33 elementor-widget elementor-widget-text-editor\" data-id=\"c0a3f33\" data-element_type=\"widget\" data-e-type=\"widget\" data-widget_type=\"text-editor.default\">\n\t\t\t\t<div class=\"elementor-widget-container\">\n\t\t\t\t\t\t\t\t\t<ul><li>Extremely compact single-station blow molding machines for stackable jerry cans <br \/>from 10 to 30 liters<\/li><li>Twin-screw extruder technology with new high-performance extruders for HMPE<\/li><li>Coated extruder heads for optimal material distribution and quick color changes<\/li><li>Optional: Mehrschicht-, Hochleistungs- (HO)-Version, Nachk\u00fchlstationen, externes Stanzwerk, IML, Sichtstreifen, zus\u00e4tzliches Hydrauliksystem, zweiter Hals, Schnellwechselvorrichtungen<\/li><\/ul>\t\t\t\t\t\t\t\t<\/div>\n\t\t\t\t<\/div>\n\t\t\t\t<\/div>\n\t\t\t\t\t<\/div>\n\t\t\t\t<\/div>\n\t\t<div class=\"elementor-element elementor-element-cef6801 e-flex e-con-boxed e-con e-parent\" data-id=\"cef6801\" data-element_type=\"container\" data-e-type=\"container\">\n\t\t\t\t\t<div class=\"e-con-inner\">\n\t\t<div class=\"elementor-element elementor-element-9eafee9 e-con-full e-flex e-con e-child\" data-id=\"9eafee9\" data-element_type=\"container\" data-e-type=\"container\">\n\t\t\t\t<\/div>\n\t\t\t\t\t<\/div>\n\t\t\t\t<\/div>\n\t\t<div class=\"elementor-element elementor-element-097d3ff e-flex e-con-boxed e-con e-parent\" data-id=\"097d3ff\" data-element_type=\"container\" data-e-type=\"container\">\n\t\t\t\t\t<div class=\"e-con-inner\">\n\t\t<div class=\"elementor-element elementor-element-cb3a87f e-con-full e-flex e-con e-child\" data-id=\"cb3a87f\" data-element_type=\"container\" data-e-type=\"container\">\n\t\t\t\t<div class=\"elementor-element elementor-element-5747593 elementor-widget elementor-widget-heading\" data-id=\"5747593\" data-element_type=\"widget\" data-e-type=\"widget\" data-widget_type=\"heading.default\">\n\t\t\t\t<div class=\"elementor-widget-container\">\n\t\t\t\t\t<h2 class=\"elementor-heading-title elementor-size-default\">eco - BBM <b>EB 1-X <\/b><\/h2>\t\t\t\t<\/div>\n\t\t\t\t<\/div>\n\t\t\t\t<div class=\"elementor-element elementor-element-07b4294 elementor-widget elementor-widget-image\" data-id=\"07b4294\" data-element_type=\"widget\" data-e-type=\"widget\" data-widget_type=\"image.default\">\n\t\t\t\t<div class=\"elementor-widget-container\">\n\t\t\t\t\t\t\t\t\t\t\t\t\t\t\t<img decoding=\"async\" src=\"https:\/\/bbm-germany.de\/wp-content\/uploads\/2026\/03\/Industrial_eco_EB-scaled.png\" title=\"Industrial_eco_EB\" alt=\"Industrial_eco_EB\" loading=\"lazy\" \/>\t\t\t\t\t\t\t\t\t\t\t\t\t\t\t<\/div>\n\t\t\t\t<\/div>\n\t\t\t\t<\/div>\n\t\t<div class=\"elementor-element elementor-element-e0d5b93 e-con-full e-flex e-con e-child\" data-id=\"e0d5b93\" data-element_type=\"container\" data-e-type=\"container\">\n\t\t\t\t<div class=\"elementor-element elementor-element-da053b0 elementor-widget elementor-widget-text-editor\" data-id=\"da053b0\" data-element_type=\"widget\" data-e-type=\"widget\" data-widget_type=\"text-editor.default\">\n\t\t\t\t<div class=\"elementor-widget-container\">\n\t\t\t\t\t\t\t\t\t<ul><li>High-efficiency single-station blow molding machines for stackable jerry cans <br \/>from 5 to 30 liters<\/li><li>Twin-screw extruder technology with new high-performance extruders for HMPE<\/li><li>Coated extruder heads for optimal material distribution and quick color changes<\/li><li>Optional: Mehrschicht-, Hochleistungs- (HO)-Version, Nachk\u00fchlstationen, externes Stanzwerk, IML, Sichtstreifen, zus\u00e4tzliches Hydrauliksystem, zweiter Hals, Schnellwechselvorrichtungen<\/li><\/ul>\t\t\t\t\t\t\t\t<\/div>\n\t\t\t\t<\/div>\n\t\t\t\t<\/div>\n\t\t\t\t\t<\/div>\n\t\t\t\t<\/div>\n\t\t<div class=\"elementor-element elementor-element-fd3ef40 e-flex e-con-boxed e-con e-parent\" data-id=\"fd3ef40\" data-element_type=\"container\" data-e-type=\"container\">\n\t\t\t\t\t<div class=\"e-con-inner\">\n\t\t\t\t\t<\/div>\n\t\t\t\t<\/div>\n\t\t<div class=\"elementor-element elementor-element-9a9a26c e-flex e-con-boxed e-con e-parent\" data-id=\"9a9a26c\" data-element_type=\"container\" data-e-type=\"container\">\n\t\t\t\t\t<div class=\"e-con-inner\">\n\t\t<div class=\"elementor-element elementor-element-b334cd5 e-con-full e-flex e-con e-child\" data-id=\"b334cd5\" data-element_type=\"container\" data-e-type=\"container\">\n\t\t<div class=\"elementor-element elementor-element-5c1e898 e-con-full e-flex e-con e-child\" data-id=\"5c1e898\" data-element_type=\"container\" data-e-type=\"container\">\n\t\t\t\t<div class=\"elementor-element elementor-element-9259e42 elementor-widget elementor-widget-heading\" data-id=\"9259e42\" data-element_type=\"widget\" data-e-type=\"widget\" data-widget_type=\"heading.default\">\n\t\t\t\t<div class=\"elementor-widget-container\">\n\t\t\t\t\t<h2 class=\"elementor-heading-title elementor-size-default\">advanced - BBM <b> 1-XX <\/b><\/h2>\t\t\t\t<\/div>\n\t\t\t\t<\/div>\n\t\t\t\t<div class=\"elementor-element elementor-element-6a0dd59 elementor-widget elementor-widget-image\" data-id=\"6a0dd59\" data-element_type=\"widget\" data-e-type=\"widget\" data-widget_type=\"image.default\">\n\t\t\t\t<div class=\"elementor-widget-container\">\n\t\t\t\t\t\t\t\t\t\t\t\t\t\t\t<img decoding=\"async\" src=\"https:\/\/bbm-germany.de\/wp-content\/uploads\/2026\/03\/Industrial_advanced_1-XX-1-scaled.png\" title=\"Industrial_advanced_1-XX\" alt=\"Industrial_advanced_1-XX\" loading=\"lazy\" \/>\t\t\t\t\t\t\t\t\t\t\t\t\t\t\t<\/div>\n\t\t\t\t<\/div>\n\t\t\t\t<\/div>\n\t\t<div class=\"elementor-element elementor-element-ddb5140 e-con-full e-flex e-con e-child\" data-id=\"ddb5140\" data-element_type=\"container\" data-e-type=\"container\">\n\t\t\t\t<div class=\"elementor-element elementor-element-94a4883 elementor-widget elementor-widget-text-editor\" data-id=\"94a4883\" data-element_type=\"widget\" data-e-type=\"widget\" data-widget_type=\"text-editor.default\">\n\t\t\t\t<div class=\"elementor-widget-container\">\n\t\t\t\t\t\t\t\t\t<ul><li>Elektrische Ein- und Doppelstationenanlagen f\u00fcr Stapelkanister 5 bis 40 Liter<\/li><li>Fully electric, controlled movements for the mold, carriage, blow molds, and wall thickness<\/li><li>RS + HX High-Performance Extruders for HDPE, HMPE, and Recycled Materials<\/li><li>High-performance extrusion heads for optimal material distribution and quick color changes<\/li><li>Optional: Multi-layer processes, post-cooling stations, window strip equipment, IML, quick-change devices, special head coating<\/li><\/ul>\t\t\t\t\t\t\t\t<\/div>\n\t\t\t\t<\/div>\n\t\t\t\t<\/div>\n\t\t\t\t<\/div>\n\t\t\t\t\t<\/div>\n\t\t\t\t<\/div>\n\t\t<div class=\"elementor-element elementor-element-6d0d212 e-flex e-con-boxed e-con e-parent\" data-id=\"6d0d212\" data-element_type=\"container\" data-e-type=\"container\">\n\t\t\t\t\t<div class=\"e-con-inner\">\n\t\t\t\t\t<\/div>\n\t\t\t\t<\/div>\n\t\t<div class=\"elementor-element elementor-element-0747def e-flex e-con-boxed e-con e-parent\" data-id=\"0747def\" data-element_type=\"container\" data-e-type=\"container\">\n\t\t\t\t\t<div class=\"e-con-inner\">\n\t\t<div class=\"elementor-element elementor-element-5d77f53 e-con-full e-flex e-con e-child\" data-id=\"5d77f53\" data-element_type=\"container\" data-e-type=\"container\">\n\t\t<div class=\"elementor-element elementor-element-097d0d6 e-con-full e-flex e-con e-child\" data-id=\"097d0d6\" data-element_type=\"container\" data-e-type=\"container\">\n\t\t\t\t<div class=\"elementor-element elementor-element-9004ca3 elementor-widget elementor-widget-heading\" data-id=\"9004ca3\" data-element_type=\"widget\" data-e-type=\"widget\" data-widget_type=\"heading.default\">\n\t\t\t\t<div class=\"elementor-widget-container\">\n\t\t\t\t\t<h2 class=\"elementor-heading-title elementor-size-default\">drums - BBM <b> XX <\/b><\/h2>\t\t\t\t<\/div>\n\t\t\t\t<\/div>\n\t\t\t\t<div class=\"elementor-element elementor-element-1ac9d71 elementor-widget elementor-widget-image\" data-id=\"1ac9d71\" data-element_type=\"widget\" data-e-type=\"widget\" data-widget_type=\"image.default\">\n\t\t\t\t<div class=\"elementor-widget-container\">\n\t\t\t\t\t\t\t\t\t\t\t\t\t\t\t<img decoding=\"async\" src=\"https:\/\/bbm-germany.de\/wp-content\/uploads\/2026\/03\/Industrial_drums-scaled.png\" title=\"Industrial_drums\" alt=\"Industrial_drums\" loading=\"lazy\" \/>\t\t\t\t\t\t\t\t\t\t\t\t\t\t\t<\/div>\n\t\t\t\t<\/div>\n\t\t\t\t<\/div>\n\t\t<div class=\"elementor-element elementor-element-2ebc8cc e-con-full e-flex e-con e-child\" data-id=\"2ebc8cc\" data-element_type=\"container\" data-e-type=\"container\">\n\t\t\t\t<div class=\"elementor-element elementor-element-ed57578 elementor-widget elementor-widget-text-editor\" data-id=\"ed57578\" data-element_type=\"widget\" data-e-type=\"widget\" data-widget_type=\"text-editor.default\">\n\t\t\t\t<div class=\"elementor-widget-container\">\n\t\t\t\t\t\t\t\t\t<ul><li>Medium-sized and compact blow molding machines with a fixed 3-plate clamping system\u00a0<\/li><li>for open-top and L-ring drums from 120 to 250 liters<\/li><li>Accumulator head or continuous extrusion with parison transfer<\/li><li>Solid locking unit with heavy-duty rods and an electric drive system<\/li><li>Optional: robotic removal, punching unit, post-cooling, post-processing, sight strips, multi-cavity mold, multi-layer, single, double, or quadruple operation possible<\/li><\/ul>\t\t\t\t\t\t\t\t<\/div>\n\t\t\t\t<\/div>\n\t\t\t\t<\/div>\n\t\t\t\t<\/div>\n\t\t\t\t\t<\/div>\n\t\t\t\t<\/div>\n\t\t\t\t<\/div>","protected":false},"excerpt":{"rendered":"<p>Industrial Packaging compact &#8211; BBM FD-Serie Extrem kompakte Einstationen-Blasformmaschinen f\u00fcr stapelbare Kanister von 10 bis 30 l Doppelextruder-Technologie mit neuen Hochleistungs-Extrudern f\u00fcr HMPE Beschichtete Extruderk\u00f6pfe f\u00fcr optimale Materialverteilung und schnellen Farbwechsel Optional: Mehrschicht-, Hochleistungs- (HO)-Version, Nachk\u00fchlstationen, externes Stanzwerk, IML, Sichtstreifen, zus\u00e4tzliches Hydrauliksystem, zweiter Hals, Schnellwechselvorrichtungen eco &#8211; BBM EB 1-X Hocheffiziente Einstationen-Blasformmaschinen f\u00fcr stapelbare Kanister [&hellip;]<\/p>\n","protected":false},"author":1,"featured_media":0,"parent":19,"menu_order":0,"comment_status":"closed","ping_status":"closed","template":"","meta":{"footnotes":""},"class_list":["post-200","page","type-page","status-publish","hentry","entry"],"_links":{"self":[{"href":"https:\/\/bbm-germany.de\/en\/wp-json\/wp\/v2\/pages\/200","targetHints":{"allow":["GET"]}}],"collection":[{"href":"https:\/\/bbm-germany.de\/en\/wp-json\/wp\/v2\/pages"}],"about":[{"href":"https:\/\/bbm-germany.de\/en\/wp-json\/wp\/v2\/types\/page"}],"author":[{"embeddable":true,"href":"https:\/\/bbm-germany.de\/en\/wp-json\/wp\/v2\/users\/1"}],"replies":[{"embeddable":true,"href":"https:\/\/bbm-germany.de\/en\/wp-json\/wp\/v2\/comments?post=200"}],"version-history":[{"count":46,"href":"https:\/\/bbm-germany.de\/en\/wp-json\/wp\/v2\/pages\/200\/revisions"}],"predecessor-version":[{"id":1000,"href":"https:\/\/bbm-germany.de\/en\/wp-json\/wp\/v2\/pages\/200\/revisions\/1000"}],"up":[{"embeddable":true,"href":"https:\/\/bbm-germany.de\/en\/wp-json\/wp\/v2\/pages\/19"}],"wp:attachment":[{"href":"https:\/\/bbm-germany.de\/en\/wp-json\/wp\/v2\/media?parent=200"}],"curies":[{"name":"wp","href":"https:\/\/api.w.org\/{rel}","templated":true}]}}